{"id":1120,"date":"2024-03-04T13:54:05","date_gmt":"2024-03-04T10:54:05","guid":{"rendered":"https:\/\/www.ritaclinic.com\/it\/?page_id=1120"},"modified":"2024-08-01T11:59:22","modified_gmt":"2024-08-01T08:59:22","slug":"blog","status":"publish","type":"page","link":"https:\/\/www.ritaclinic.com\/it\/blog","title":{"rendered":"Blog"},"content":{"rendered":"<div data-elementor-type=\"wp-page\" data-elementor-id=\"1120\" class=\"elementor elementor-1120\" data-elementor-post-type=\"page\">\n\t\t\t\t<div class=\"elementor-element elementor-element-b690a69 e-flex e-con-boxed wpr-particle-no wpr-jarallax-no wpr-parallax-no wpr-sticky-section-no e-con e-parent\" data-id=\"b690a69\" data-element_type=\"container\" data-settings=\"{&quot;background_background&quot;:&quot;classic&quot;}\">\n\t\t\t\t\t<div class=\"e-con-inner\">\n\t\t<div class=\"elementor-element elementor-element-c5be94d e-con-full e-flex wpr-particle-no wpr-jarallax-no wpr-parallax-no wpr-sticky-section-no e-con e-child\" data-id=\"c5be94d\" data-element_type=\"container\">\n\t\t\t\t<div class=\"elementor-element elementor-element-ab65f3b elementor-widget elementor-widget-page-title\" data-id=\"ab65f3b\" data-element_type=\"widget\" data-settings=\"{&quot;align_mobile&quot;:&quot;center&quot;}\" data-widget_type=\"page-title.default\">\n\t\t\t\t<div class=\"elementor-widget-container\">\n\t\t\t\t\t\t\t\n\t\t<div class=\"hfe-page-title hfe-page-title-wrapper elementor-widget-heading\">\n\n\t\t\t\t\t\t\t\t<h1 class=\"elementor-heading-title elementor-size-default\">\n\t\t\t\t\t\t\t\t\n\t\t\t\tBlog  \n\t\t\t<\/h1> \n\t\t\t\t\t<\/div>\n\t\t\t\t\t\t<\/div>\n\t\t\t\t<\/div>\n\t\t\t\t<div class=\"elementor-element elementor-element-e13d6f1 elementor-widget__width-inherit elementor-invisible elementor-widget elementor-widget-heading\" data-id=\"e13d6f1\" data-element_type=\"widget\" data-settings=\"{&quot;_animation&quot;:&quot;fadeInDown&quot;,&quot;_animation_delay&quot;:300}\" data-widget_type=\"heading.default\">\n\t\t\t\t\t<div class=\"elementor-heading-title elementor-size-default\">Rimanere informati sugli ultimi sviluppi nel campo della salute<\/div>\t\t\t\t<\/div>\n\t\t\t\t<\/div>\n\t\t\t\t\t<\/div>\n\t\t\t\t<\/div>\n\t\t<div class=\"elementor-element elementor-element-7b813df e-flex e-con-boxed wpr-particle-no wpr-jarallax-no wpr-parallax-no wpr-sticky-section-no e-con e-parent\" data-id=\"7b813df\" data-element_type=\"container\" data-settings=\"{&quot;background_background&quot;:&quot;classic&quot;}\">\n\t\t\t\t\t<div class=\"e-con-inner\">\n\t\t<div class=\"elementor-element elementor-element-d06780a e-con-full e-flex wpr-particle-no wpr-jarallax-no wpr-parallax-no wpr-sticky-section-no elementor-invisible e-con e-child\" data-id=\"d06780a\" data-element_type=\"container\" data-settings=\"{&quot;animation&quot;:&quot;fadeInDown&quot;}\">\n\t\t\t\t<div class=\"elementor-element elementor-element-8fcc344 elementor-widget elementor-widget-elementskit-blog-posts\" data-id=\"8fcc344\" data-element_type=\"widget\" data-widget_type=\"elementskit-blog-posts.default\">\n\t\t\t\t\t<div class=\"ekit-wid-con\" >        <div id=\"post-items--8fcc344\" class=\"row post-items\">\n                    <div class=\"col-lg-4 col-md-6\">\n\n                                    <div class=\"elementskit-post-image-card\">\n                        <div class=\"elementskit-entry-header\">\n                                                            <a href=\"https:\/\/www.ritaclinic.com\/it\/vanquish-me-temassiz-zayiflama-ile-yeni-bir-sen\" class=\"elementskit-entry-thumb\">\n                                    <img decoding=\"async\" src=\"https:\/\/www.ritaclinic.com\/it\/wp-content\/uploads\/2024\/07\/vanquish-me-temassiz-estetik-ile-yeni-bir-sen-blog-1.jpg.webp\" alt=\"Vanquish Me: un nuovo te stesso con il dimagrimento senza contatto\">\n                                <\/a><!-- .elementskit-entry-thumb END -->\n                                                            \n                            \n\t\t\t\t\t\t\t\t\t\t\t\t\t<\/div><!-- .elementskit-entry-header END -->\n\n\t\t\t\t\t\t<div class=\"elementskit-post-body\">\n\t\t\t\t\t\t\t\n\t\t\t\t\t\t\t\t\n\t\t\t\t\t\t\t\t\t\t\t\t\t\t\t\t\t\t\t\t\t<h2 class=\"entry-title\">\n\t\t\t\t\t<a href=\"https:\/\/www.ritaclinic.com\/it\/vanquish-me-temassiz-zayiflama-ile-yeni-bir-sen\">\n\t\t\t\t\t\tVanquish Me: un nuovo te stesso con il dimagrimento senza contatto\t\t\t\t\t<\/a>\n\t\t\t\t<\/h2>\n\t\t\t\t\t\t\t\t\t\t\t\n\t\t\t\t\t\t\t\t\t\t\t\t\t\t\t\t\t\t\t\t\t\t\t\t\t\t\t\t\t\t\t\t\t\t\t\t\t\t\t\t\t\t\t\t\t                                                    <\/div><!-- .elementskit-post-body END -->\n                    <\/div>\n                \n            <\/div>\n                    <div class=\"col-lg-4 col-md-6\">\n\n                                    <div class=\"elementskit-post-image-card\">\n                        <div class=\"elementskit-entry-header\">\n                                                            <a href=\"https:\/\/www.ritaclinic.com\/it\/burun-dolgusu-ameliyatsiz-burun-estetigi-hakkinda-bilmeniz-gerekenler\" class=\"elementskit-entry-thumb\">\n                                    <img decoding=\"async\" src=\"https:\/\/www.ritaclinic.com\/it\/wp-content\/uploads\/2024\/07\/burun-dolgusu-hakkinda-detaylar-1.jpg.webp\" alt=\"Riempimento del naso: Cosa c&#8217;\u00e8 da sapere sulla rinoplastica non chirurgica\">\n                                <\/a><!-- .elementskit-entry-thumb END -->\n                                                            \n                            \n\t\t\t\t\t\t\t\t\t\t\t\t\t<\/div><!-- .elementskit-entry-header END -->\n\n\t\t\t\t\t\t<div class=\"elementskit-post-body\">\n\t\t\t\t\t\t\t\n\t\t\t\t\t\t\t\t\n\t\t\t\t\t\t\t\t\t\t\t\t\t\t\t\t\t\t\t\t\t<h2 class=\"entry-title\">\n\t\t\t\t\t<a href=\"https:\/\/www.ritaclinic.com\/it\/burun-dolgusu-ameliyatsiz-burun-estetigi-hakkinda-bilmeniz-gerekenler\">\n\t\t\t\t\t\tRiempimento del naso: Cosa c&#8217;\u00e8 da sapere sulla rinoplastica non chirurgica\t\t\t\t\t<\/a>\n\t\t\t\t<\/h2>\n\t\t\t\t\t\t\t\t\t\t\t\n\t\t\t\t\t\t\t\t\t\t\t\t\t\t\t\t\t\t\t\t\t\t\t\t\t\t\t\t\t\t\t\t\t\t\t\t\t\t\t\t\t\t\t\t\t                                                    <\/div><!-- .elementskit-post-body END -->\n                    <\/div>\n                \n            <\/div>\n                    <div class=\"col-lg-4 col-md-6\">\n\n                                    <div class=\"elementskit-post-image-card\">\n                        <div class=\"elementskit-entry-header\">\n                                                            <a href=\"https:\/\/www.ritaclinic.com\/it\/ozonoterapia-un-approccio-naturale-per-sostenere-la-nostra-salute\" class=\"elementskit-entry-thumb\">\n                                    <img decoding=\"async\" src=\"https:\/\/www.ritaclinic.com\/it\/wp-content\/uploads\/2024\/05\/ozon-terapisi-blog-1.jpg.webp\" alt=\"Ozonoterapia: Un approccio naturale per sostenere la nostra salute\">\n                                <\/a><!-- .elementskit-entry-thumb END -->\n                                                            \n                            \n\t\t\t\t\t\t\t\t\t\t\t\t\t<\/div><!-- .elementskit-entry-header END -->\n\n\t\t\t\t\t\t<div class=\"elementskit-post-body\">\n\t\t\t\t\t\t\t\n\t\t\t\t\t\t\t\t\n\t\t\t\t\t\t\t\t\t\t\t\t\t\t\t\t\t\t\t\t\t<h2 class=\"entry-title\">\n\t\t\t\t\t<a href=\"https:\/\/www.ritaclinic.com\/it\/ozonoterapia-un-approccio-naturale-per-sostenere-la-nostra-salute\">\n\t\t\t\t\t\tOzonoterapia: Un approccio naturale per sostenere la nostra salute\t\t\t\t\t<\/a>\n\t\t\t\t<\/h2>\n\t\t\t\t\t\t\t\t\t\t\t\n\t\t\t\t\t\t\t\t\t\t\t\t\t\t\t\t\t\t\t\t\t\t\t\t\t\t\t\t\t\t\t\t\t\t\t\t\t\t\t\t\t\t\t\t\t                                                    <\/div><!-- .elementskit-post-body END -->\n                    <\/div>\n                \n            <\/div>\n                <\/div>\n       <\/div>\t\t\t\t<\/div>\n\t\t\t\t<\/div>\n\t\t\t\t\t<\/div>\n\t\t\t\t<\/div>\n\t\t\t\t<\/div>","protected":false},"excerpt":{"rendered":"<p>Blog Rimanere informati sugli ultimi sviluppi nel campo della salute Vanquish Me: Temass\u0131z Zay\u0131flama ile Yeni Bir Sen Burun Dolgusu: Ameliyats\u0131z Burun Esteti\u011fi Hakk\u0131nda Bilmeniz Gerekenler Ozon Tedavisi: Sa\u011fl\u0131\u011f\u0131m\u0131z\u0131 Destekleyen Do\u011fal Bir Yakla\u015f\u0131m<\/p>","protected":false},"author":1,"featured_media":0,"parent":0,"menu_order":0,"comment_status":"closed","ping_status":"closed","template":"elementor_header_footer","meta":{"om_disable_all_campaigns":false,"_lmt_disableupdate":"","_lmt_disable":"","_monsterinsights_skip_tracking":false,"_monsterinsights_sitenote_active":false,"_monsterinsights_sitenote_note":"","_monsterinsights_sitenote_category":0,"footnotes":""},"class_list":["post-1120","page","type-page","status-publish","hentry"],"aioseo_notices":[],"_links":{"self":[{"href":"https:\/\/www.ritaclinic.com\/it\/wp-json\/wp\/v2\/pages\/1120","targetHints":{"allow":["GET"]}}],"collection":[{"href":"https:\/\/www.ritaclinic.com\/it\/wp-json\/wp\/v2\/pages"}],"about":[{"href":"https:\/\/www.ritaclinic.com\/it\/wp-json\/wp\/v2\/types\/page"}],"author":[{"embeddable":true,"href":"https:\/\/www.ritaclinic.com\/it\/wp-json\/wp\/v2\/users\/1"}],"replies":[{"embeddable":true,"href":"https:\/\/www.ritaclinic.com\/it\/wp-json\/wp\/v2\/comments?post=1120"}],"version-history":[{"count":24,"href":"https:\/\/www.ritaclinic.com\/it\/wp-json\/wp\/v2\/pages\/1120\/revisions"}],"predecessor-version":[{"id":5689,"href":"https:\/\/www.ritaclinic.com\/it\/wp-json\/wp\/v2\/pages\/1120\/revisions\/5689"}],"wp:attachment":[{"href":"https:\/\/www.ritaclinic.com\/it\/wp-json\/wp\/v2\/media?parent=1120"}],"curies":[{"name":"wp","href":"https:\/\/api.w.org\/{rel}","templated":true}]}}